{"id":429,"date":"2024-06-03T12:13:42","date_gmt":"2024-06-03T16:13:42","guid":{"rendered":"https:\/\/plandimayor.org\/?page_id=429"},"modified":"2024-06-10T11:44:12","modified_gmt":"2024-06-10T15:44:12","slug":"acerca-de","status":"publish","type":"page","link":"https:\/\/plandimayor.org\/index.php\/acerca-de\/","title":{"rendered":"Acerca de ESP"},"content":{"rendered":"\t\t<div data-elementor-type=\"wp-page\" data-elementor-id=\"429\" class=\"elementor elementor-429\" data-elementor-post-type=\"page\">\n\t\t\t\t\t\t\t\t\t<section class=\"elementor-section elementor-top-section elementor-element elementor-element-f7ffdf1 elementor-section-boxed elementor-section-height-default elementor-section-height-default\" data-id=\"f7ffdf1\" data-element_type=\"section\">\n\t\t\t\t\t\t<div class=\"elementor-container elementor-column-gap-default\">\n\t\t\t\t\t<div class=\"elementor-column elementor-col-50 elementor-top-column elementor-element elementor-element-20d9477a\" data-id=\"20d9477a\" data-element_type=\"column\" data-settings=\"{&quot;background_background&quot;:&quot;classic&quot;}\">\n\t\t\t<div class=\"elementor-widget-wrap\">\n\t\t\t\t\t\t\t\t\t<\/div>\n\t\t<\/div>\n\t\t\t\t<div class=\"elementor-column elementor-col-50 elementor-top-column elementor-element elementor-element-e63aa98\" data-id=\"e63aa98\" data-element_type=\"column\" data-settings=\"{&quot;background_background&quot;:&quot;classic&quot;}\">\n\t\t\t<div class=\"elementor-widget-wrap elementor-element-populated\">\n\t\t\t\t\t\t\t\t<div class=\"elementor-element elementor-element-39c36ce elementor-nav-menu__align-right elementor-widget__width-initial elementor-nav-menu--dropdown-tablet elementor-nav-menu__text-align-aside elementor-nav-menu--toggle elementor-nav-menu--burger elementor-widget elementor-widget-nav-menu\" data-id=\"39c36ce\" data-element_type=\"widget\" data-settings=\"{&quot;layout&quot;:&quot;horizontal&quot;,&quot;submenu_icon&quot;:{&quot;value&quot;:&quot;&lt;i class=\\&quot;fas fa-caret-down\\&quot;&gt;&lt;\\\/i&gt;&quot;,&quot;library&quot;:&quot;fa-solid&quot;},&quot;toggle&quot;:&quot;burger&quot;}\" data-widget_type=\"nav-menu.default\">\n\t\t\t\t<div class=\"elementor-widget-container\">\n\t\t\t<link rel=\"stylesheet\" href=\"https:\/\/plandimayor.org\/wp-content\/plugins\/elementor-pro\/assets\/css\/widget-nav-menu.min.css\">\t\t\t<nav class=\"elementor-nav-menu--main elementor-nav-menu__container elementor-nav-menu--layout-horizontal e--pointer-underline e--animation-fade\">\n\t\t\t\t<ul id=\"menu-1-39c36ce\" class=\"elementor-nav-menu\"><li class=\"menu-item menu-item-type-post_type menu-item-object-page menu-item-430\"><a href=\"https:\/\/plandimayor.org\/index.php\/home\/home-page-spanish\/\" class=\"elementor-item\">Pagina principal<\/a><\/li>\n<li class=\"menu-item menu-item-type-post_type menu-item-object-page menu-item-463\"><a href=\"https:\/\/plandimayor.org\/index.php\/acerca-de\/\" class=\"elementor-item\">Acerca de<\/a><\/li>\n<li class=\"menu-item menu-item-type-post_type menu-item-object-page menu-item-431\"><a href=\"https:\/\/plandimayor.org\/index.php\/become-a-counselor\/\" class=\"elementor-item\">Convertirse en consejero<\/a><\/li>\n<\/ul>\t\t\t<\/nav>\n\t\t\t\t\t<div class=\"elementor-menu-toggle\" role=\"button\" tabindex=\"0\" aria-label=\"Menu Toggle\" aria-expanded=\"false\">\n\t\t\t<i aria-hidden=\"true\" role=\"presentation\" class=\"elementor-menu-toggle__icon--open eicon-menu-bar\"><\/i><i aria-hidden=\"true\" role=\"presentation\" class=\"elementor-menu-toggle__icon--close eicon-close\"><\/i>\t\t\t<span class=\"elementor-screen-only\">Menu<\/span>\n\t\t<\/div>\n\t\t\t\t\t<nav class=\"elementor-nav-menu--dropdown elementor-nav-menu__container\" aria-hidden=\"true\">\n\t\t\t\t<ul id=\"menu-2-39c36ce\" class=\"elementor-nav-menu\"><li class=\"menu-item menu-item-type-post_type menu-item-object-page menu-item-430\"><a href=\"https:\/\/plandimayor.org\/index.php\/home\/home-page-spanish\/\" class=\"elementor-item\" tabindex=\"-1\">Pagina principal<\/a><\/li>\n<li class=\"menu-item menu-item-type-post_type menu-item-object-page menu-item-463\"><a href=\"https:\/\/plandimayor.org\/index.php\/acerca-de\/\" class=\"elementor-item\" tabindex=\"-1\">Acerca de<\/a><\/li>\n<li class=\"menu-item menu-item-type-post_type menu-item-object-page menu-item-431\"><a href=\"https:\/\/plandimayor.org\/index.php\/become-a-counselor\/\" class=\"elementor-item\" tabindex=\"-1\">Convertirse en consejero<\/a><\/li>\n<\/ul>\t\t\t<\/nav>\n\t\t\t\t<\/div>\n\t\t\t\t<\/div>\n\t\t\t\t\t<\/div>\n\t\t<\/div>\n\t\t\t\t\t\t\t<\/div>\n\t\t<\/section>\n\t\t\t\t<section class=\"elementor-section elementor-top-section elementor-element elementor-element-201deaf7 elementor-section-boxed elementor-section-height-default elementor-section-height-default\" data-id=\"201deaf7\" data-element_type=\"section\">\n\t\t\t\t\t\t<div class=\"elementor-container elementor-column-gap-default\">\n\t\t\t\t\t<div class=\"elementor-column elementor-col-50 elementor-top-column elementor-element elementor-element-14ce0fda\" data-id=\"14ce0fda\" data-element_type=\"column\" data-settings=\"{&quot;background_background&quot;:&quot;classic&quot;}\">\n\t\t\t<div class=\"elementor-widget-wrap elementor-element-populated\">\n\t\t\t\t\t\t\t\t<div class=\"elementor-element elementor-element-5574a697 elementor-widget elementor-widget-spacer\" data-id=\"5574a697\" data-element_type=\"widget\" data-widget_type=\"spacer.default\">\n\t\t\t\t<div class=\"elementor-widget-container\">\n\t\t\t<style>\/*! elementor - v3.16.0 - 17-10-2023 *\/\n.elementor-column .elementor-spacer-inner{height:var(--spacer-size)}.e-con{--container-widget-width:100%}.e-con-inner>.elementor-widget-spacer,.e-con>.elementor-widget-spacer{width:var(--container-widget-width,var(--spacer-size));--align-self:var(--container-widget-align-self,initial);--flex-shrink:0}.e-con-inner>.elementor-widget-spacer>.elementor-widget-container,.e-con>.elementor-widget-spacer>.elementor-widget-container{height:100%;width:100%}.e-con-inner>.elementor-widget-spacer>.elementor-widget-container>.elementor-spacer,.e-con>.elementor-widget-spacer>.elementor-widget-container>.elementor-spacer{height:100%}.e-con-inner>.elementor-widget-spacer>.elementor-widget-container>.elementor-spacer>.elementor-spacer-inner,.e-con>.elementor-widget-spacer>.elementor-widget-container>.elementor-spacer>.elementor-spacer-inner{height:var(--container-widget-height,var(--spacer-size))}.e-con-inner>.elementor-widget-spacer.elementor-widget-empty,.e-con>.elementor-widget-spacer.elementor-widget-empty{position:relative;min-height:22px;min-width:22px}.e-con-inner>.elementor-widget-spacer.elementor-widget-empty .elementor-widget-empty-icon,.e-con>.elementor-widget-spacer.elementor-widget-empty .elementor-widget-empty-icon{position:absolute;top:0;bottom:0;left:0;right:0;margin:auto;padding:0;width:22px;height:22px}<\/style>\t\t<div class=\"elementor-spacer\">\n\t\t\t<div class=\"elementor-spacer-inner\"><\/div>\n\t\t<\/div>\n\t\t\t\t<\/div>\n\t\t\t\t<\/div>\n\t\t\t\t<div class=\"elementor-element elementor-element-70b79a7e elementor-widget__width-initial elementor-widget elementor-widget-heading\" data-id=\"70b79a7e\" data-element_type=\"widget\" data-widget_type=\"heading.default\">\n\t\t\t\t<div class=\"elementor-widget-container\">\n\t\t\t<style>\/*! elementor - v3.16.0 - 17-10-2023 *\/\n.elementor-heading-title{padding:0;margin:0;line-height:1}.elementor-widget-heading .elementor-heading-title[class*=elementor-size-]>a{color:inherit;font-size:inherit;line-height:inherit}.elementor-widget-heading .elementor-heading-title.elementor-size-small{font-size:15px}.elementor-widget-heading .elementor-heading-title.elementor-size-medium{font-size:19px}.elementor-widget-heading .elementor-heading-title.elementor-size-large{font-size:29px}.elementor-widget-heading .elementor-heading-title.elementor-size-xl{font-size:39px}.elementor-widget-heading .elementor-heading-title.elementor-size-xxl{font-size:59px}<\/style><h2 class=\"elementor-heading-title elementor-size-default\">Misi\u00f3n<\/h2>\t\t<\/div>\n\t\t\t\t<\/div>\n\t\t\t\t<div class=\"elementor-element elementor-element-66d34b1b elementor-widget elementor-widget-spacer\" data-id=\"66d34b1b\" data-element_type=\"widget\" data-widget_type=\"spacer.default\">\n\t\t\t\t<div class=\"elementor-widget-container\">\n\t\t\t\t\t<div class=\"elementor-spacer\">\n\t\t\t<div class=\"elementor-spacer-inner\"><\/div>\n\t\t<\/div>\n\t\t\t\t<\/div>\n\t\t\t\t<\/div>\n\t\t\t\t<div class=\"elementor-element elementor-element-ac8f56c elementor-widget elementor-widget-text-editor\" data-id=\"ac8f56c\" data-element_type=\"widget\" data-widget_type=\"text-editor.default\">\n\t\t\t\t<div class=\"elementor-widget-container\">\n\t\t\t<style>\/*! elementor - v3.16.0 - 17-10-2023 *\/\n.elementor-widget-text-editor.elementor-drop-cap-view-stacked .elementor-drop-cap{background-color:#69727d;color:#fff}.elementor-widget-text-editor.elementor-drop-cap-view-framed .elementor-drop-cap{color:#69727d;border:3px solid;background-color:transparent}.elementor-widget-text-editor:not(.elementor-drop-cap-view-default) .elementor-drop-cap{margin-top:8px}.elementor-widget-text-editor:not(.elementor-drop-cap-view-default) .elementor-drop-cap-letter{width:1em;height:1em}.elementor-widget-text-editor .elementor-drop-cap{float:left;text-align:center;line-height:1;font-size:50px}.elementor-widget-text-editor .elementor-drop-cap-letter{display:inline-block}<\/style>\t\t\t\t<p>Nuestra misi\u00f3n es abordar los desaf\u00edos significativos de la separaci\u00f3n parental, reconociendo su clasificaci\u00f3n dentro de la escala del DSM-5 de experiencias adversas en la infancia que pueden afectar profundamente la vida de los ni\u00f1os. Estamos dedicados a empoderar y apoyar tanto a los padres como a los ni\u00f1os en el proceso de divorcio y separaci\u00f3n. Nuestro objetivo principal es mitigar los efectos adversos en el bienestar de los ni\u00f1os colocando sus necesidades y deseos en primer plano. A trav\u00e9s de la mediaci\u00f3n, facilitamos la comunicaci\u00f3n y colaboraci\u00f3n transparentes, cultivando un entorno de coparentalidad positivo y acogedor. Ayudamos a los padres a elaborar planes de coparentalidad integrales que prioricen la perspectiva del ni\u00f1o, asegurando que sus voces no solo sean escuchadas, sino tambi\u00e9n respetadas durante todo el proceso, en alineaci\u00f3n con la Convenci\u00f3n sobre los Derechos del Ni\u00f1o.<\/p>\t\t\t\t\t\t<\/div>\n\t\t\t\t<\/div>\n\t\t\t\t<div class=\"elementor-element elementor-element-55eaf679 elementor-widget__width-initial elementor-widget elementor-widget-image\" data-id=\"55eaf679\" data-element_type=\"widget\" data-widget_type=\"image.default\">\n\t\t\t\t<div class=\"elementor-widget-container\">\n\t\t\t<style>\/*! elementor - v3.16.0 - 17-10-2023 *\/\n.elementor-widget-image{text-align:center}.elementor-widget-image a{display:inline-block}.elementor-widget-image a img[src$=\".svg\"]{width:48px}.elementor-widget-image img{vertical-align:middle;display:inline-block}<\/style>\t\t\t\t\t\t\t\t\t\t\t\t<img decoding=\"async\" width=\"800\" height=\"709\" src=\"https:\/\/plandimayor.org\/wp-content\/uploads\/2023\/10\/Screen-Shot-2023-10-22-at-2.47.59-PM-1024x908.png\" class=\"attachment-large size-large wp-image-163\" alt=\"\" loading=\"lazy\" srcset=\"https:\/\/plandimayor.org\/wp-content\/uploads\/2023\/10\/Screen-Shot-2023-10-22-at-2.47.59-PM-1024x908.png 1024w, https:\/\/plandimayor.org\/wp-content\/uploads\/2023\/10\/Screen-Shot-2023-10-22-at-2.47.59-PM-300x266.png 300w, https:\/\/plandimayor.org\/wp-content\/uploads\/2023\/10\/Screen-Shot-2023-10-22-at-2.47.59-PM-768x681.png 768w, https:\/\/plandimayor.org\/wp-content\/uploads\/2023\/10\/Screen-Shot-2023-10-22-at-2.47.59-PM-1536x1362.png 1536w, https:\/\/plandimayor.org\/wp-content\/uploads\/2023\/10\/Screen-Shot-2023-10-22-at-2.47.59-PM.png 1816w\" sizes=\"(max-width: 800px) 100vw, 800px\" \/>\t\t\t\t\t\t\t\t\t\t\t\t\t\t\t<\/div>\n\t\t\t\t<\/div>\n\t\t\t\t\t<\/div>\n\t\t<\/div>\n\t\t\t\t<div class=\"elementor-column elementor-col-50 elementor-top-column elementor-element elementor-element-5165790d\" data-id=\"5165790d\" data-element_type=\"column\" data-settings=\"{&quot;background_background&quot;:&quot;classic&quot;}\">\n\t\t\t<div class=\"elementor-widget-wrap elementor-element-populated\">\n\t\t\t\t\t\t\t\t<div class=\"elementor-element elementor-element-6d17e527 elementor-widget elementor-widget-image\" data-id=\"6d17e527\" data-element_type=\"widget\" data-widget_type=\"image.default\">\n\t\t\t\t<div class=\"elementor-widget-container\">\n\t\t\t\t\t\t\t\t\t\t\t\t\t\t\t<img decoding=\"async\" width=\"800\" height=\"767\" src=\"https:\/\/plandimayor.org\/wp-content\/uploads\/2023\/04\/Screen-Shot-2023-04-21-at-8.10.31-AM-1024x982.png\" class=\"attachment-large size-large wp-image-76\" alt=\"\" loading=\"lazy\" srcset=\"https:\/\/plandimayor.org\/wp-content\/uploads\/2023\/04\/Screen-Shot-2023-04-21-at-8.10.31-AM-1024x982.png 1024w, https:\/\/plandimayor.org\/wp-content\/uploads\/2023\/04\/Screen-Shot-2023-04-21-at-8.10.31-AM-300x288.png 300w, https:\/\/plandimayor.org\/wp-content\/uploads\/2023\/04\/Screen-Shot-2023-04-21-at-8.10.31-AM-768x736.png 768w, https:\/\/plandimayor.org\/wp-content\/uploads\/2023\/04\/Screen-Shot-2023-04-21-at-8.10.31-AM-1536x1472.png 1536w, https:\/\/plandimayor.org\/wp-content\/uploads\/2023\/04\/Screen-Shot-2023-04-21-at-8.10.31-AM.png 1544w\" sizes=\"(max-width: 800px) 100vw, 800px\" \/>\t\t\t\t\t\t\t\t\t\t\t\t\t\t\t<\/div>\n\t\t\t\t<\/div>\n\t\t\t\t<div class=\"elementor-element elementor-element-2ca8afe elementor-widget__width-initial elementor-widget elementor-widget-heading\" data-id=\"2ca8afe\" data-element_type=\"widget\" data-widget_type=\"heading.default\">\n\t\t\t\t<div class=\"elementor-widget-container\">\n\t\t\t<h2 class=\"elementor-heading-title elementor-size-default\">Visi\u00f3n<\/h2>\t\t<\/div>\n\t\t\t\t<\/div>\n\t\t\t\t<div class=\"elementor-element elementor-element-2041816a elementor-widget elementor-widget-spacer\" data-id=\"2041816a\" data-element_type=\"widget\" data-widget_type=\"spacer.default\">\n\t\t\t\t<div class=\"elementor-widget-container\">\n\t\t\t\t\t<div class=\"elementor-spacer\">\n\t\t\t<div class=\"elementor-spacer-inner\"><\/div>\n\t\t<\/div>\n\t\t\t\t<\/div>\n\t\t\t\t<\/div>\n\t\t\t\t<div class=\"elementor-element elementor-element-4398539a elementor-widget elementor-widget-text-editor\" data-id=\"4398539a\" data-element_type=\"widget\" data-widget_type=\"text-editor.default\">\n\t\t\t\t<div class=\"elementor-widget-container\">\n\t\t\t\t\t\t\t<p>Nuestra visi\u00f3n es crear un entorno acogedor y de apoyo donde se salvaguarde el bienestar de cada ni\u00f1o durante los tiempos dif\u00edciles de la separaci\u00f3n o el divorcio de los padres. Nuestro objetivo es asegurar que ning\u00fan ni\u00f1o experimente traumas o impactos negativos causados por pr\u00e1cticas de coparentalidad ineficaces, reconociendo el per\u00edodo cr\u00edtico del desarrollo infantil y la importancia de fomentar relaciones saludables entre los padres en beneficio del ni\u00f1o. A trav\u00e9s de nuestros esfuerzos, aspiramos a empoderar a los padres para que colaboren eficazmente, prioricen los intereses de los ni\u00f1os y gu\u00eden a los padres en convertirse en agentes activos en el desarrollo de un plan de coparentalidad que promueva una crianza estable y positiva para la pr\u00f3xima generaci\u00f3n.<\/p>\t\t\t\t\t\t<\/div>\n\t\t\t\t<\/div>\n\t\t\t\t\t<\/div>\n\t\t<\/div>\n\t\t\t\t\t\t\t<\/div>\n\t\t<\/section>\n\t\t\t\t<section class=\"elementor-section elementor-top-section elementor-element elementor-element-4ec144bf elementor-section-boxed elementor-section-height-default elementor-section-height-default\" data-id=\"4ec144bf\" data-element_type=\"section\">\n\t\t\t\t\t\t<div class=\"elementor-container elementor-column-gap-default\">\n\t\t\t\t\t<div class=\"elementor-column elementor-col-100 elementor-top-column elementor-element elementor-element-15d93a81\" data-id=\"15d93a81\" data-element_type=\"column\">\n\t\t\t<div class=\"elementor-widget-wrap elementor-element-populated\">\n\t\t\t\t\t\t\t\t<div class=\"elementor-element elementor-element-2e222ee1 elementor-widget__width-initial elementor-absolute elementor-widget elementor-widget-spacer\" data-id=\"2e222ee1\" data-element_type=\"widget\" data-settings=\"{&quot;_position&quot;:&quot;absolute&quot;,&quot;motion_fx_motion_fx_scrolling&quot;:&quot;yes&quot;,&quot;motion_fx_translateY_effect&quot;:&quot;yes&quot;,&quot;motion_fx_translateY_speed&quot;:{&quot;unit&quot;:&quot;px&quot;,&quot;size&quot;:1,&quot;sizes&quot;:[]},&quot;motion_fx_translateY_affectedRange&quot;:{&quot;unit&quot;:&quot;%&quot;,&quot;size&quot;:&quot;&quot;,&quot;sizes&quot;:{&quot;start&quot;:0,&quot;end&quot;:100}},&quot;motion_fx_devices&quot;:[&quot;desktop&quot;,&quot;tablet&quot;,&quot;mobile&quot;]}\" data-widget_type=\"spacer.default\">\n\t\t\t\t<div class=\"elementor-widget-container\">\n\t\t\t\t\t<div class=\"elementor-spacer\">\n\t\t\t<div class=\"elementor-spacer-inner\"><\/div>\n\t\t<\/div>\n\t\t\t\t<\/div>\n\t\t\t\t<\/div>\n\t\t\t\t\t<\/div>\n\t\t<\/div>\n\t\t\t\t\t\t\t<\/div>\n\t\t<\/section>\n\t\t\t\t<section class=\"elementor-section elementor-top-section elementor-element elementor-element-7ebcb1ea elementor-section-boxed elementor-section-height-default elementor-section-height-default\" data-id=\"7ebcb1ea\" data-element_type=\"section\">\n\t\t\t\t\t\t<div class=\"elementor-container elementor-column-gap-default\">\n\t\t\t\t\t<div class=\"elementor-column elementor-col-100 elementor-top-column elementor-element elementor-element-27291ab2\" data-id=\"27291ab2\" data-element_type=\"column\">\n\t\t\t<div class=\"elementor-widget-wrap\">\n\t\t\t\t\t\t\t\t\t<\/div>\n\t\t<\/div>\n\t\t\t\t\t\t\t<\/div>\n\t\t<\/section>\n\t\t\t\t\t\t\t<\/div>\n\t\t","protected":false},"excerpt":{"rendered":"<p>Misi\u00f3n Nuestra misi\u00f3n es abordar los desaf\u00edos significativos de la separaci\u00f3n parental, reconociendo su clasificaci\u00f3n dentro de la escala del DSM-5 de experiencias adversas en la infancia que pueden afectar profundamente la vida de los ni\u00f1os. Estamos dedicados a empoderar y apoyar tanto a los padres como a los ni\u00f1os en el proceso de divorcio [&hellip;]<\/p>\n","protected":false},"author":2,"featured_media":0,"parent":0,"menu_order":0,"comment_status":"closed","ping_status":"closed","template":"elementor_header_footer","meta":[],"_links":{"self":[{"href":"https:\/\/plandimayor.org\/index.php\/wp-json\/wp\/v2\/pages\/429"}],"collection":[{"href":"https:\/\/plandimayor.org\/index.php\/wp-json\/wp\/v2\/pages"}],"about":[{"href":"https:\/\/plandimayor.org\/index.php\/wp-json\/wp\/v2\/types\/page"}],"author":[{"embeddable":true,"href":"https:\/\/plandimayor.org\/index.php\/wp-json\/wp\/v2\/users\/2"}],"replies":[{"embeddable":true,"href":"https:\/\/plandimayor.org\/index.php\/wp-json\/wp\/v2\/comments?post=429"}],"version-history":[{"count":2,"href":"https:\/\/plandimayor.org\/index.php\/wp-json\/wp\/v2\/pages\/429\/revisions"}],"predecessor-version":[{"id":445,"href":"https:\/\/plandimayor.org\/index.php\/wp-json\/wp\/v2\/pages\/429\/revisions\/445"}],"wp:attachment":[{"href":"https:\/\/plandimayor.org\/index.php\/wp-json\/wp\/v2\/media?parent=429"}],"curies":[{"name":"wp","href":"https:\/\/api.w.org\/{rel}","templated":true}]}}